{"id":318,"date":"2025-01-28T10:42:36","date_gmt":"2025-01-28T10:42:36","guid":{"rendered":"https:\/\/2025.afcface-SCBCMO.com\/?page_id=318"},"modified":"2025-04-11T10:30:47","modified_gmt":"2025-04-11T10:30:47","slug":"tarifs","status":"publish","type":"page","link":"https:\/\/2025.afcface-SCBCMO.com\/?page_id=318&lang=fr","title":{"rendered":"Tarifs"},"content":{"rendered":"\n<figure class=\"wp-block-table is-style-stripes\"><table class=\"has-fixed-layout\"><tbody><tr><td><\/td><td><strong>Avant le 1er avril 2025<\/strong><\/td><td><strong>Apr\u00e8s le 1er avril 2025<\/strong><\/td><\/tr><tr><td><strong>Membre AFCF\/SCBCMO<\/strong><\/td><td>500\u20ac<\/td><td>600\u20ac<\/td><\/tr><tr><td><strong>Non Membre<\/strong><\/td><td>650\u20ac<\/td><td>750\u20ac<\/td><\/tr><tr><td><strong>Interne\/residents membre AFCF\/SCBCMO<\/strong><\/td><td>100\u20ac<\/td><td>150\u20ac<\/td><\/tr><tr><td><strong>Interne non membre<\/strong><\/td><td>100\u20ac<\/td><td>200\u20ac<\/td><\/tr><tr><td><strong><strong>Kin\u00e9sith\u00e9rapeute\/Orthophoniste<\/strong><\/strong><\/td><td>300\u20ac<\/td><td>400\u20ac<\/td><\/tr><tr><td><strong>IDE\/Assistant<\/strong><\/td><td>200\u20ac<\/td><td>300\u20ac<\/td><\/tr><tr><td><strong>D\u00eener du congr\u00e8s \u2013 <br>Vendredi 9 mai&nbsp;<\/strong><\/td><td>164\u20ac<\/td><td>164\u20ac<\/td><\/tr><tr><td><strong>Visite guid\u00e9e Girona \u2013 Samedi 10 mai<\/strong>\u00a0<\/td><td>12\u20ac<\/td><td>12\u20ac<\/td><\/tr><\/tbody><\/table><\/figure>\n\n\n\n<p><\/p>\n\n\n\n<p>INSCRIPTION EN LIGNE. Cliquez <a href=\"https:\/\/neo.emma.events\/CMCF2025\" target=\"_blank\" rel=\"noreferrer noopener\">ICI<\/a><\/p>\n\n\n\n<p><strong><strong>Conditions d\u2019annulation<\/strong><\/strong><br>Les annulations effectu\u00e9es entre le 1er f\u00e9vrier et le 1er avril entra\u00eeneront une p\u00e9nalit\u00e9 de 20 % et les annulations apr\u00e8s cette date ne seront pas \u00e9ligibles \u00e0 un remboursement.<br>Le changement de nom peut \u00eatre g\u00e9r\u00e9 en payant 20\u20ac + TVA de frais de gestion.<br>La notification d&#8217;annulation doit \u00eatre faite par \u00e9crit et envoy\u00e9e au Secr\u00e9tariat Technique : <br>Carolina Rovira: <a href=\"mailto:c.rovira@torrespardo.com\">c.rovira@torrespardo.com<\/a><\/p>\n","protected":false},"excerpt":{"rendered":"<p>Avant le 1er avril 2025 Apr\u00e8s le 1er avril 2025 Membre AFCF\/SCBCMO 500\u20ac 600\u20ac Non Membre 650\u20ac 750\u20ac Interne\/residents membre AFCF\/SCBCMO 100\u20ac 150\u20ac Interne non membre 100\u20ac 200\u20ac Kin\u00e9sith\u00e9rapeute\/Orthophoniste 300\u20ac 400\u20ac IDE\/Assistant 200\u20ac 300\u20ac D\u00eener du congr\u00e8s \u2013 Vendredi 9 mai&nbsp; 164\u20ac 164\u20ac Visite guid\u00e9e Girona \u2013 Samedi 10 mai\u00a0 12\u20ac 12\u20ac INSCRIPTION EN LIGNE. [&hellip;]<\/p>\n","protected":false},"author":1,"featured_media":0,"parent":0,"menu_order":0,"comment_status":"closed","ping_status":"closed","template":"","meta":{"footnotes":""},"class_list":["post-318","page","type-page","status-publish","hentry"],"_links":{"self":[{"href":"https:\/\/2025.afcface-SCBCMO.com\/index.php?rest_route=\/wp\/v2\/pages\/318","targetHints":{"allow":["GET"]}}],"collection":[{"href":"https:\/\/2025.afcface-SCBCMO.com\/index.php?rest_route=\/wp\/v2\/pages"}],"about":[{"href":"https:\/\/2025.afcface-SCBCMO.com\/index.php?rest_route=\/wp\/v2\/types\/page"}],"author":[{"embeddable":true,"href":"https:\/\/2025.afcface-SCBCMO.com\/index.php?rest_route=\/wp\/v2\/users\/1"}],"replies":[{"embeddable":true,"href":"https:\/\/2025.afcface-SCBCMO.com\/index.php?rest_route=%2Fwp%2Fv2%2Fcomments&post=318"}],"version-history":[{"count":3,"href":"https:\/\/2025.afcface-SCBCMO.com\/index.php?rest_route=\/wp\/v2\/pages\/318\/revisions"}],"predecessor-version":[{"id":813,"href":"https:\/\/2025.afcface-SCBCMO.com\/index.php?rest_route=\/wp\/v2\/pages\/318\/revisions\/813"}],"wp:attachment":[{"href":"https:\/\/2025.afcface-SCBCMO.com\/index.php?rest_route=%2Fwp%2Fv2%2Fmedia&parent=318"}],"curies":[{"name":"wp","href":"https:\/\/api.w.org\/{rel}","templated":true}]}}