{"id":330,"date":"2025-01-28T11:26:57","date_gmt":"2025-01-28T11:26:57","guid":{"rendered":"https:\/\/2025.afcface-SCBCMO.com\/?page_id=330"},"modified":"2025-05-07T08:25:14","modified_gmt":"2025-05-07T08:25:14","slug":"programa-preliminar","status":"publish","type":"page","link":"https:\/\/2025.afcface-SCBCMO.com\/?page_id=330","title":{"rendered":"Programa"},"content":{"rendered":"\n<div class=\"wp-block-buttons is-layout-flex wp-block-buttons-is-layout-flex\">\n<div class=\"wp-block-button\"><a class=\"wp-block-button__link wp-element-button\" href=\"https:\/\/2025.afcface-SCBCMO.com\/wp-content\/uploads\/2025\/05\/programa_CA-FR_web.pdf\" target=\"_blank\" rel=\"noreferrer noopener\">Descarrega el programa<\/a><\/div>\n<\/div>\n\n\n\n<div style=\"height:28px\" aria-hidden=\"true\" class=\"wp-block-spacer\"><\/div>\n\n\n\n<p><strong><mark style=\"background-color:#a61e22\" class=\"has-inline-color has-colibri-color-5-color\">DIJOUS 8 DE MAIG<\/mark><\/strong><\/p>\n\n\n\n<p><strong><strong>10.00 h-13.50<\/strong> h<\/strong><br><strong><mark style=\"background-color:rgba(0, 0, 0, 0);color:#a61e22\" class=\"has-inline-color\">Cranio Maxillo facial. Malformaci\u00f3 infantil<\/mark><\/strong><\/p>\n\n\n\n<p>10.00 h-10.45 h<br><strong>Cirurgia craniofacial: complicacions en missions humanit\u00e0ries<\/strong><br><em>Pr. Frederic Lauwers (Tolosa)<\/em><\/p>\n\n\n\n<p>10.45 h-11.30 h<br><strong>Complicacions en cirurgia craniofacial i infantil<\/strong><br><em>Dr. Eloy Garcia i Dr. Josep Rubio<\/em><\/p>\n\n\n\n<p>11.30 h-12.00 h<br>Pausa caf\u00e8 &nbsp;<\/p>\n\n\n\n<p>12.00 h-12.30 h&nbsp;<br><strong>Rinopl\u00e0stia secundaria de les fissures<\/strong><br><em>Dr. Jacques Saboye<\/em> <em>(Tolosa)<\/em>&nbsp;<\/p>\n\n\n\n<p>12.30 h-12.45 h<br><strong>Comunicaci\u00f3 oral<\/strong><br><strong>Tractament de les f\u00edstules palatines com a conseq\u00fc\u00e8ncia d\u2019esquerdes mitjan\u00e7ant el desprenimende tota la fibromucosa palatina&nbsp;<\/strong><br><em>Herv\u00e9 B\u00e9nateau, Paul Mathieu, Alexis Veyssi\u00e8re<\/em><br><em>Service de CMF et chirurgie plastique, CHU de Caen, France&nbsp;<\/em><\/p>\n\n\n\n<p>12.45 h-13.15 h<br><strong>Classificaci\u00f3 de les complicacions<\/strong><br><em>Dr. \u00c9ric Sorrel (Par\u00eds)<\/em><\/p>\n\n\n\n<p>13.15 h-13.30 h<br><strong>Comunicaci\u00f3 oral<\/strong><br><strong>Gesti\u00f3 De Les Complicacions En CMF: Mirades Creuades Entre Cirurgi\u00e0 I Fisioterapeuta&nbsp;<\/strong><br><em>Dr. Isabelle Breton Torres<\/em><\/p>\n\n\n\n<p>13.30 h-13.45 h &nbsp;<br><strong>Comunicaci\u00f3 oral<\/strong><br><strong>Gesti\u00f3 de les complicacions de la craniopl\u00e0stia descompressiva (5 casos)&nbsp;<\/strong><br><em>J Borel (Int), J Bettoni, A Caillouey, J Bouquet,&nbsp;S Testelin<\/em><\/p>\n\n\n\n<p>13.45 h-14.00 h<br><strong>Comunicaci\u00f3 oral<\/strong><br><strong>Complicacions a llarg termini del trauma craniofacial greu: un informe de cas i revisi\u00f3 de la literatura&nbsp;<\/strong><br><em>J Borel (Int),&nbsp; R Costes, &nbsp; A Besold,&nbsp; Pl Launois,&nbsp;A Paasche <\/em>&nbsp;<\/p>\n\n\n\n<p>14.00 h-14.15 h<br><strong>Comunicaci\u00f3 oral<\/strong><br><strong>Complicacions de la reconstrucci\u00f3 mitjana facial: del frac\u00e0s al frac\u00e0s. Sobre un cas&nbsp;<\/strong><br><em>Alban Destrez,&nbsp; J Bouquet, R Maurer,&nbsp; A Paasche,&nbsp; S Testelin<\/em><\/p>\n\n\n\n<p>14.15 h-15.15 h<br>Dinar &nbsp; &nbsp;<\/p>\n\n\n\n<p><strong>15.15 h-19.15 h<\/strong><br><strong>C\u00e0ncer-Trauma<br><\/strong>15.15 h-15.45 h<br><strong>Complicacions en la cirurgia de la par\u00e0lisi facial&nbsp;<\/strong><br><em>Dr. Teresa Gonz\u00e1lez Otero (Madrid)&nbsp;<\/em><\/p>\n\n\n\n<p>15.45 h-16.15 h<br><strong>Complicacions dels penjalls microquir\u00fargics<br><\/strong><em>Dr. Victor Dueso (Barcelona)<\/em><\/p>\n\n\n\n<p>16.15 h-16.45 h&nbsp;<br><strong>Complicacions dels penjalls lliures&nbsp;<\/strong><br><em>Pr. Herv\u00e9 Benateau (Caen)<\/em><\/p>\n\n\n\n<p>16.45 h-17.15 h&nbsp;<br>Pausa caf\u00e8 &nbsp;<\/p>\n\n\n\n<p>17.15 h-17.30 h<br><strong>Comunicaci\u00f3 oral<\/strong><br><strong>Gesti\u00f3 dels fracassos dels penjalls lliures: quina opci\u00f3 terap\u00e8utica?&nbsp;<\/strong><br><em>S. Testelin, A Caula, J Davrou,&nbsp; J Bettoni,&nbsp; S Dakpe,&nbsp; B Devauchelle &nbsp;<\/em><br><\/p>\n\n\n\n<p>17.30 h-17.45 h<br><strong>Comunicaci\u00f3 oral<\/strong><br><strong>Gesti\u00f3 de complicacions de la reconstrucci\u00f3 secund\u00e0ria en terrenys irradiats<\/strong><br><em>A. Paasche, &nbsp; J. Bettoni,&nbsp; B. Devauchelle,&nbsp;J. Bouqueta Caioullley, S. Dakpe, S. Testelin<\/em><\/p>\n\n\n\n<p>17.45 h-18.15 h<br><strong>Cirurgies incompletes dels tumors cutanis de la cara<\/strong><br><em>Pr. Nathalie Pham Dang (Clermont-Ferrand)<\/em><\/p>\n\n\n\n<p>18.15 h-18.30 h&nbsp;<br><strong>Comunicaci\u00f3 oral<\/strong><br><strong>Carcinoma escam\u00f3s de pell metast\u00e0sic: un repte<\/strong> <br><em>N\u00faria Casanova Torrequebrada<\/em>&nbsp;<\/p>\n\n\n\n<p>18.30 h-18.45 h<br><strong>Comunicaci\u00f3 oral<\/strong><br><strong>20 anys de c\u00e0ncer de c\u00e8l\u00b7lules escamoses linguals sota influ\u00e8ncia parental&nbsp;<\/strong><\/p>\n\n\n\n<p><em>A Paasche, &nbsp; S Dakpe,&nbsp; J Borel, R Costes, N Cordier, &nbsp; B Devauchelle<\/em><\/p>\n\n\n\n<p>18.45 h-19.15 h<br><strong>Cremades al quir\u00f2fan<\/strong><\/p>\n\n\n\n<p><em>Dr. Jacques Saboye (Tolosa)<\/em><\/p>\n\n\n\n<p><\/p>\n\n\n\n<p><strong><mark style=\"background-color:#00bf87\" class=\"has-inline-color has-colibri-color-5-color\">DIVENDRES 9 DE MAIG<\/mark><\/strong><\/p>\n\n\n\n<p><strong>9.00 h-13.00 h<\/strong><br><strong>Rinopl\u00e0sties. Complicacions en rinopl\u00e0stia<br><\/strong><br>09.00 h-10.00 h<br><strong>La rinopl\u00e0stia de preservaci\u00f3 I les complications possibles<\/strong><br><em>Dr. Yves Saban (Ni\u00e7a)<\/em><\/p>\n\n\n\n<p>10.00 h-10.30 h<br><strong>Tractament de complicacions en rinopl\u00e0stia de preservaci\u00f3<\/strong><br><em>Dr. Fr\u00e9d\u00e9ric Lange (Montpeller)<\/em><\/p>\n\n\n\n<p>10.30 h-11.00 h<br>Pausa caf\u00e8&nbsp; &nbsp;<\/p>\n\n\n\n<p>11.00 h-11.30 h<br><strong>Estrat\u00e8gia en rinopl\u00e0stia de revisi\u00f3: de l\u2019estructura a l\u2019embolcall<\/strong><br><em>Dr. Guillaume Carles (Montpeller)<\/em><\/p>\n\n\n\n<p>11.30 h-12.00 h<br><strong><strong>Complicacions en rinopl\u00e0stia: el cam\u00ed cap a la t\u00e8cnica perfecta<\/strong><\/strong><br><em>Dr. <em>Antoni<\/em><\/em> <em>Arcas (Barcelona)<\/em><\/p>\n\n\n\n<p>12.00 h-12.30 h<br><strong>Complicacions en pacients adictes a cocaina<\/strong><br><em>Dr. Eduardo Garc\u00eda Rica (Barcelona)<\/em><\/p>\n\n\n\n<p>12.30 h-13.00 h<br><strong>El dol del dol&nbsp;<\/strong><br><em>B. Devauchelle&nbsp;<\/em><\/p>\n\n\n\n<p>13.00 h-14.00 h<br>Dinar &nbsp; &nbsp;<\/p>\n\n\n\n<p><strong>14.00 h-18.00 h<\/strong><br><strong>Est\u00e8tica<br><\/strong><br>14.00 h-14.45 h<br><strong>Complicacions de la cirurgia de feminitzaci\u00f3 facial<\/strong><br><em>Dr. Javier Gutierrez Santamaria (Barcelona)<\/em><\/p>\n\n\n\n<p>14.45 h-15.15&nbsp; h<br><strong>Micro-lipofilling en blefaropl\u00e0sties inferiors<\/strong><br><em>Dr. St\u00e9phane de Mortillet (Tours)<\/em><\/p>\n\n\n\n<p>15.15 h-15.45&nbsp; h<br><strong>Complicacions i tractament de les injeccions d\u2019\u00e0cid hialur\u00f2nic a la cara<\/strong><br><em>Dr. Fr\u00e9d\u00e9ric Duroure (Grenoble)<\/em><\/p>\n\n\n\n<p>15.45 h-16.30&nbsp; h<strong>&nbsp;<\/strong><br><strong>Complicacions en cirurgia orbit\u00e0ria<\/strong><br><em>Javier Rodriguez (Tarragona)<\/em><\/p>\n\n\n\n<p>16.30 h-17.00 h<br>Pausa caf\u00e8 <\/p>\n\n\n\n<p>17.00 h-17.15 h&nbsp;<br><strong>Comunicaci\u00f3 oral<\/strong><br><strong>Tractament de SAOS en frac\u00e0s de PPC per estimulaci\u00f3 del nervi hipoglos<\/strong>&nbsp;<br><em>Dr. Amina Ganeval<\/em><\/p>\n\n\n\n<p>17.15 h-17.30 h <strong>&nbsp;<\/strong><br><strong>Comunicaci\u00f3 oral<\/strong><br><strong>Error d\u2019indicaci\u00f3 en un angioma del pla facial: un cam\u00ed per reparar amb perseveran\u00e7a&nbsp;<\/strong><br><em>Alban Destrez (Dj),&nbsp; N Beaurain, A Besold, S Dakpe,&nbsp; B Devauchelle<\/em><\/p>\n\n\n\n<p>17.30 h-17.45 h<strong>&nbsp;<\/strong><br><strong>Comunicaci\u00f3 oral<\/strong><br><strong>Hist\u00f2ries de complicacions: saga d\u2019una malformaci\u00f3 arteriovenosa en una situaci\u00f3 desfasada&nbsp;<\/strong><br><em>Nina Cordier (Int), J Bettoni, R Maurer, A Caillouey,&nbsp;<\/em><em>C Chivot, B Devauchelle&nbsp;<\/em><\/p>\n\n\n\n<p>17.45 h-18.00 h&nbsp;<br><strong>La lipoestructura i les seves complicacions<\/strong><br><em><em>Juliette Petit &nbsp;(interne), S.&nbsp;Galmiche, P.&nbsp;Jammet, M. du Cailar, M. de Boutray (CHU Montpellier)<\/em><\/em><\/p>\n\n\n\n<p><strong><mark style=\"background-color:#6632ff\" class=\"has-inline-color has-colibri-color-5-color\">DISSABTE 10 DE MAIG<\/mark><\/strong><\/p>\n\n\n\n<p><strong>9.00 h \u2013 12.15 h<\/strong><br><strong><mark style=\"background-color:rgba(0, 0, 0, 0)\" class=\"has-inline-color has-colibri-color-4-color\">Mat\u00ed: <strong>Cirurgia ortogn\u00e0tica<\/strong><\/mark><\/strong><\/p>\n\n\n\n<p>09.00 h \u2013 09.30 h<br><strong>Complicacions en cirurgia ortogn\u00e0tica&nbsp;<\/strong><br><em>Pr. Adaia Valls (Barcelona)<\/em><\/p>\n\n\n\n<p>09.30 h \u2013 10.00 h<br><strong>Complicacions en la planificaci\u00f3 de la cirurgia ortogn\u00e0tica<\/strong><br><em>Dr. Christophe Sasserath (Tournay)<\/em>&nbsp;<\/p>\n\n\n\n<p>10.00 h \u2013 10.30 h<br><strong>Pseudoartrosi maxil\u00b7lar&nbsp;<\/strong><br><i style=\"white-space: normal; caret-color: rgb(34, 34, 34); color: rgb(34, 34, 34); font-family: Arial, Helvetica, sans-serif;\"><span lang=\"FR\" style=\"color: black;\">Marie de Boutray, S Alawadhi, S.&nbsp;Galmiche, H B\u00e9nateau (CHU Montpellier et Caen)<\/span><\/i><\/p>\n\n\n\n<p>10.30 h \u2013 11.00 h<br>Pausa Caf\u00e8<\/p>\n\n\n\n<p>11.00 h-11.20 h<br><strong>Comunicaci\u00f3 oral<\/strong><br><strong>Hemorr\u00e0gies massives i osteotomia maxil\u00b7lar <\/strong><br><em>Matthias \/ Schlund<\/em><\/p>\n\n\n\n<p>11.20 h-11.40 h<em>&nbsp;<\/em><br><strong>Comunicaci\u00f3 oral<\/strong><br><strong>Incid\u00e8ncia, factors de risc i prevenci\u00f3 de les infeccions del lloc quir\u00fargic despr\u00e9s de la cirurgia ortogn\u00e0tica: una an\u00e0lisi retrospectiva de 735 intervencions quir\u00fargiques realitzades en 5 anys a l\u2019Hospital Universitari de Nantes&nbsp;<\/strong><br><em>BAZIA Bazia Moussa<\/em><\/p>\n\n\n\n<p>11.40 h-12.00 h<em>&nbsp;<\/em><br><strong>Comunicaci\u00f3 oral<\/strong><br><strong>Complicacions de la geniopl\u00e0stia: qu\u00e8 s\u00f3n i com evitar-les?&nbsp;<\/strong><br><em>Olivier Esnault<\/em><\/p>\n\n\n\n<p>12.00 h-12.15 h<br><strong>SARPE: defecte d\u2019osteog\u00e8nesi de la fissura mitjana: causes, conseq\u00fc\u00e8ncies i modalitats terap\u00e8utiques&nbsp;<\/strong><br><i style=\"white-space: normal; caret-color: rgb(34, 34, 34); color: rgb(34, 34, 34); font-family: Arial, Helvetica, sans-serif;\"><span lang=\"FR\" style=\"color: black;\">Pape Diack Demba (interne), A. Damecourt, S.&nbsp;Galmiche, M. de Boutray (CHU Montpellier)<\/span><\/i> &nbsp;<\/p>\n\n\n\n<p>12.15 h-12.45 h<br><strong>Asamblea general AFCF<\/strong><\/p>\n","protected":false},"excerpt":{"rendered":"<p>DIJOUS 8 DE MAIG 10.00 h-13.50 hCranio Maxillo facial. Malformaci\u00f3 infantil 10.00 h-10.45 hCirurgia craniofacial: complicacions en missions humanit\u00e0riesPr. Frederic Lauwers (Tolosa) 10.45 h-11.30 hComplicacions en cirurgia craniofacial i infantilDr. Eloy Garcia i Dr. Josep Rubio 11.30 h-12.00 hPausa caf\u00e8 &nbsp; 12.00 h-12.30 h&nbsp;Rinopl\u00e0stia secundaria de les fissuresDr. Jacques Saboye (Tolosa)&nbsp; 12.30 h-12.45 hComunicaci\u00f3 oralTractament [&hellip;]<\/p>\n","protected":false},"author":1,"featured_media":0,"parent":0,"menu_order":0,"comment_status":"closed","ping_status":"closed","template":"","meta":{"footnotes":""},"class_list":["post-330","page","type-page","status-publish","hentry"],"_links":{"self":[{"href":"https:\/\/2025.afcface-SCBCMO.com\/index.php?rest_route=\/wp\/v2\/pages\/330","targetHints":{"allow":["GET"]}}],"collection":[{"href":"https:\/\/2025.afcface-SCBCMO.com\/index.php?rest_route=\/wp\/v2\/pages"}],"about":[{"href":"https:\/\/2025.afcface-SCBCMO.com\/index.php?rest_route=\/wp\/v2\/types\/page"}],"author":[{"embeddable":true,"href":"https:\/\/2025.afcface-SCBCMO.com\/index.php?rest_route=\/wp\/v2\/users\/1"}],"replies":[{"embeddable":true,"href":"https:\/\/2025.afcface-SCBCMO.com\/index.php?rest_route=%2Fwp%2Fv2%2Fcomments&post=330"}],"version-history":[{"count":27,"href":"https:\/\/2025.afcface-SCBCMO.com\/index.php?rest_route=\/wp\/v2\/pages\/330\/revisions"}],"predecessor-version":[{"id":1015,"href":"https:\/\/2025.afcface-SCBCMO.com\/index.php?rest_route=\/wp\/v2\/pages\/330\/revisions\/1015"}],"wp:attachment":[{"href":"https:\/\/2025.afcface-SCBCMO.com\/index.php?rest_route=%2Fwp%2Fv2%2Fmedia&parent=330"}],"curies":[{"name":"wp","href":"https:\/\/api.w.org\/{rel}","templated":true}]}}