{"id":337,"date":"2025-01-28T11:48:53","date_gmt":"2025-01-28T11:48:53","guid":{"rendered":"https:\/\/2025.afcface-SCBCMO.com\/?page_id=337"},"modified":"2025-05-07T08:25:33","modified_gmt":"2025-05-07T08:25:33","slug":"programme","status":"publish","type":"page","link":"https:\/\/2025.afcface-SCBCMO.com\/?page_id=337&lang=fr","title":{"rendered":"Programme"},"content":{"rendered":"\n<div class=\"wp-block-buttons is-layout-flex wp-block-buttons-is-layout-flex\">\n<div class=\"wp-block-button\"><a class=\"wp-block-button__link wp-element-button\" href=\"https:\/\/2025.afcface-SCBCMO.com\/wp-content\/uploads\/2025\/05\/programa_CA-FR_web.pdf\" target=\"_blank\" rel=\"noreferrer noopener\">Tel\u00e9charger le programme<\/a><\/div>\n<\/div>\n\n\n\n<div style=\"height:28px\" aria-hidden=\"true\" class=\"wp-block-spacer\"><\/div>\n\n\n\n<p><strong><mark style=\"background-color:#a61e22\" class=\"has-inline-color has-colibri-color-5-color\">JEUDI 8 MAI<\/mark><\/strong><\/p>\n\n\n\n<p><strong><strong>10.00 h-14.15<\/strong> h<\/strong><br><strong><mark style=\"background-color:rgba(0, 0, 0, 0);color:#a61e22\" class=\"has-inline-color\">Cranio Maxillo facial<br><strong>Malformations infantiles<\/strong><\/mark><\/strong><\/p>\n\n\n\n<p>10.00 h-10.45 h<strong><br>Chirurgie cr\u00e2nio-faciale : complications en missions humanitaires<\/strong><br><em>Pr. Frederic Lauwers (Tolosa)<\/em><\/p>\n\n\n\n<p>10.45 h-11.30 h<br><strong>Complications en chirurgie cr\u00e2nio-faciale et infantile<\/strong><br><em>Dr. Eloy Garcia et Dr. Josep Rubio<\/em><\/p>\n\n\n\n<p>11.30 h-12.00 h<br>Pause caf\u00e9 &nbsp;<\/p>\n\n\n\n<p>12.00 h-12.30 h&nbsp;<br><strong>Rhinoplastie secondaire des fissures<\/strong><br><em>Dr. Jacques Saboye<\/em> <em>(Tolosa)<\/em>&nbsp;<\/p>\n\n\n\n<p>12.30 h-12.45 h<br><strong>Communication orale&nbsp;<\/strong><br><strong>Traitement des fistules palatines dans les s\u00e9quelles de fentes par d\u00e9collement de toute la fibro-muqueuse palatine<\/strong><br><em>Herv\u00e9 B\u00e9nateau, Paul Mathieu, Alexis Veyssi\u00e8re<\/em><br><em>Service de CMF et chirurgie plastique, CHU de Caen, France&nbsp;<\/em><\/p>\n\n\n\n<p>12.45 h-13.00 h<br><strong>Classification des complications<\/strong><br><em>Dr. \u00c9ric Sorrel (Par\u00eds)<\/em><\/p>\n\n\n\n<p>13.00 h-13.15 h<br><strong>Communication orale<\/strong><br><strong>Gestions Des Complication En CMF: Regards Crois\u00e9s Chirurgien Kin\u00e9sith\u00e9rapeute<\/strong><br><em>Dr. Isabelle Breton Torres<\/em><\/p>\n\n\n\n<p>13.15 h-13.30 h &nbsp;<br><strong>Communication orale<\/strong><br><strong>Prise en charge des complications des cranioplasties d\u00e9compressives&nbsp; (\u00e0 propos de 5 cas )<\/strong><br><em>J Borel (Int), J Bettoni, A Caillouey, J Bouquet,&nbsp;S Testelin<\/em><\/p>\n\n\n\n<p>13.30 h-13.45 h<br><strong>Communication orale<\/strong><br><strong>Complications \u00e0 long terme des traumatismes craniofaciaux s\u00e9v\u00e8res : \u00e0 propos d\u2019un cas et revue de la litt\u00e9rature&nbsp;<\/strong><br><em>J Borel (Int),&nbsp; R Costes, &nbsp; A Besold,&nbsp; Pl Launois,&nbsp;A Paasche <\/em>&nbsp;<\/p>\n\n\n\n<p>13.45 h-14.00 h<br><strong>Communication orale<\/strong><br><strong>Complications de reconstructions du tiers moyen facial: d\u2019\u00e9chec en \u00e9chec. \u00c0 propos d\u2019un cas<\/strong>&nbsp;<br><em>Alban Destrez,&nbsp; J Bouquet, R Maurer,&nbsp; A Paasche,&nbsp; S Testelin<\/em><\/p>\n\n\n\n<p>14.15 h-15.15 h<br>D\u00e9jeuner &nbsp; &nbsp;<\/p>\n\n\n\n<p><strong>15.15 h-19.15 h<\/strong><br><strong>Cancer \u2013 Traumatisme<\/strong><\/p>\n\n\n\n<p>15.15 h-15.45 h<br><strong>Complications de la chirurgie de la paralysie faciale&nbsp;<\/strong><br><em>Dr. Teresa Gonz\u00e1lez Otero (Madrid)&nbsp;<\/em><\/p>\n\n\n\n<p>15.45 h-16.15 h<br><strong>Complications des lambeaux microchirurgicaux<\/strong><br><em>Dr. Victor Dueso (Barcelona)<\/em><\/p>\n\n\n\n<p>16.15 h-16.45 h&nbsp;<br><strong>Management after free flap failure&nbsp;<\/strong><br><em>Pr. Herv\u00e9 Benateau (Caen)<\/em><\/p>\n\n\n\n<p>16.45 h-17.15 h&nbsp;<br>Pause caf\u00e9&nbsp; &nbsp;<\/p>\n\n\n\n<p>17.15 h-17.30 h<br><strong>Communication orale&nbsp;<\/strong><br><strong>Gestion des echecs des lambeaux libres : quel choix therapeutique?<\/strong><br>S. Testelin, A Caula, J Davrou,&nbsp; J Bettoni,&nbsp; S Dakpe,&nbsp; B Devauchelle<em> &nbsp;<\/em><\/p>\n\n\n\n<p>17.30 h-17.45 h<br><strong>Communication orale<\/strong><br><strong>Gestion des complications des reconstructions secondaires&nbsp; en terrain irradie<\/strong><br><em>A. Paasche, &nbsp; J. Bettoni,&nbsp; B. Devauchelle,&nbsp;J. Bouqueta Caioullley, S. Dakpe, S. Testelin<\/em><\/p>\n\n\n\n<p>17.45 h-18.15 h<br><strong>Chirurgies incompl\u00e8tes pour les tumeurs cutan\u00e9es du visage<\/strong><br><em>Pr. Nathalie Pham Dang (Clermont-Ferrand)<\/em><\/p>\n\n\n\n<p>18.15 h-18.30 h&nbsp;<br><strong>Communication orale&nbsp;<\/strong><br><strong>Carcinome \u00e9pidermo\u00efde m\u00e9tastatique de la peau: un d\u00e9fi<\/strong>&nbsp;<br><em>N\u00faria Casanova Torrequebrada<\/em>&nbsp;<\/p>\n\n\n\n<p>18.30 h-18.45 h<br><strong>Communication orale<\/strong><br><strong>20 ans d\u2019un cancer \u00e9pidermo\u00efde lingual sous influence parentale<\/strong>&nbsp;<br><em>A Paasche, &nbsp; S Dakpe,&nbsp; J Borel, R Costes, N Cordier, &nbsp; B Devauchelle<\/em><\/p>\n\n\n\n<p>18.45 h-19.15 h<br><strong>Br\u00fblures au bloc op\u00e9ratoire<\/strong><br><em>Dr. Jacques Saboye (Tolosa)<\/em><\/p>\n\n\n\n<p><strong><mark style=\"background-color:#00bf87\" class=\"has-inline-color has-colibri-color-5-color\">VENDREDI 9 MAI<\/mark><\/strong><\/p>\n\n\n\n<p><strong>9.00 h \u2013 13.00 h<\/strong><br><strong><mark style=\"background-color:rgba(0, 0, 0, 0)\" class=\"has-inline-color has-colibri-color-3-color\">Mat\u00ed: <\/mark><\/strong><mark style=\"background-color:rgba(0, 0, 0, 0)\" class=\"has-inline-color has-colibri-color-3-color\"><strong>Rhinoplasties<\/strong><br><strong>Complications en rhinoplastie<\/strong><\/mark><\/p>\n\n\n\n<p>09.00 h-10.00 h<br><strong>Rhinoplastie conservatrice et complications possibles<\/strong><br><em>Dr. Yves Saban (Ni\u00e7a)<\/em><\/p>\n\n\n\n<p>10.00 h-10.30 h<br><strong>Traitement des complications en rhinoplastie de pr\u00e9servation<\/strong>&nbsp;<br><em>Dr. Fr\u00e9d\u00e9ric Lange (Montpeller)<\/em><\/p>\n\n\n\n<p>10.30 h-11.00 h<br>Pause caf\u00e9&nbsp; &nbsp;<\/p>\n\n\n\n<p>11.00 h-11.30 h<br><strong>Strat\u00e9gie en rhinoplastie de r\u00e9vision : de la structure \u00e0 l\u2019enveloppe&nbsp;<\/strong><br><em>Dr. Guillaume Carles (Montpeller)<\/em><\/p>\n\n\n\n<p>11.30 h-12.00 h<br><strong><strong>Complications en rhinoplastie : le chemin vers la technique parfaite<\/strong>&nbsp;<\/strong><br><em>Dr. Antoni Arcas (Barcelona)<\/em><\/p>\n\n\n\n<p>12.00 h-12.30 h<br><strong>Complications chez les patients d\u00e9pendants \u00e0 la coca\u00efne<\/strong><br><em>Dr. Eduardo Garc\u00eda Rica (Barcelona)<\/em><\/p>\n\n\n\n<p>12.30 h-13.00 h<br><strong>Le deuil du deuil<\/strong><br><em>B. Devauchelle&nbsp;<\/em><\/p>\n\n\n\n<p>13.00 h-14.00 h<br>D\u00e9jeuner &nbsp; &nbsp;<\/p>\n\n\n\n<p><strong>14.00 h-18.00 h<\/strong><br><strong>Esth\u00e9tique<\/strong><\/p>\n\n\n\n<p>14.00 h-14.45 h<br><strong>Complications de la chirurgie de f\u00e9minisation du visage<\/strong><br><em>Dr. Javier Gutierrez Santamaria (Barcelona)<\/em><\/p>\n\n\n\n<p>14.45 h-15.15&nbsp; h<br><strong>Micro-lipofilling dans les bl\u00e9pharoplasties inf\u00e9rieures<\/strong><br><em>Dr. St\u00e9phane de Mortillet (Tours)<\/em><\/p>\n\n\n\n<p>15.15 h-15.45&nbsp; h<br><strong>Complications et traitement des injections d\u2019acide hyaluronique sur la face<\/strong><br><em>Dr. Fr\u00e9d\u00e9ric Duroure (Grenoble)<\/em><\/p>\n\n\n\n<p>15.45 h-16.30&nbsp; h<strong>&nbsp;<\/strong><br><strong>Complications en chirurgie orbitaire<\/strong><br><em>Javier Rodriguez (Tarragona)<\/em><\/p>\n\n\n\n<p>16.30 h-17.00 h<br>Pause caf\u00e9 &nbsp;<\/p>\n\n\n\n<p>17.00 h-17.15 h&nbsp;<br><strong>Communication orale<\/strong><br><strong>Traitement des SAOS en \u00e9chec de PPC par stimulation du nerf hypoglosse<\/strong><br><em>Dr. Amina Ganeval<\/em><\/p>\n\n\n\n<p>17.15 h-17.30 h <strong>&nbsp;<\/strong><br><strong>Communication orale<\/strong><br><strong>Erreur d\u2019indication sur un angiome plan facial : un chemin de r\u00e9paration avec pers\u00e9v\u00e9rance &nbsp;<\/strong><br><em>Alban Destrez (Dj),&nbsp; N Beaurain, A Besold, S Dakpe,&nbsp; B Devauchelle<\/em><\/p>\n\n\n\n<p>17.30 h-17.45 h<strong>&nbsp;<\/strong><br><strong>Communication orale<\/strong><br><strong>Histoires de complications: saga d\u2019une malformation art\u00e9rio-veineuse en situation d\u00e9pass\u00e9e<\/strong><br><em>Nina Cordier (Int), J Bettoni, R Maurer, A Caillouey,&nbsp;C Chivot, B Devauchelle&nbsp;<\/em><\/p>\n\n\n\n<p>17.45 h-18.00 h&nbsp;<br><strong>La lipostructure et ses complications&nbsp;<\/strong><br><em><em>Juliette Petit &nbsp;(interne), S.&nbsp;Galmiche, P.&nbsp;Jammet, M. du Cailar, M. de Boutray (CHU Montpellier)<\/em><\/em><\/p>\n\n\n\n<p><strong><mark style=\"background-color:#6632ff\" class=\"has-inline-color has-colibri-color-5-color\">SAMEDI 10 MAI<\/mark><\/strong><\/p>\n\n\n\n<p><strong>9.00 h \u2013 12.15 h<\/strong><br><strong><mark style=\"background-color:rgba(0, 0, 0, 0)\" class=\"has-inline-color has-colibri-color-4-color\"><strong>Chirurgie orthognatique<\/strong><\/mark><\/strong><\/p>\n\n\n\n<p>09.00 h \u2013 09.30 h<br><strong>Complications en chirurgie orthognatique&nbsp;<\/strong><br><em>Pr. Adaia Valls (Barcelone)<\/em><\/p>\n\n\n\n<p>09.30 h \u2013 10.00 h<br><strong>Complications de la planification en chirurgie orthognatique<\/strong><br><em>Dr. Christophe Sasserath (Tournay)<\/em>&nbsp;<\/p>\n\n\n\n<p>10.00 h \u2013 10.30 h<br><strong>Pseudarthrose maxillaire&nbsp;<\/strong><br><em><em><em>Marie de Boutray, S Alawadhi, S.&nbsp;Galmiche, H B\u00e9nateau (CHU Montpellier et Caen)<\/em><\/em><\/em><\/p>\n\n\n\n<p>10.30 h \u2013 11.00 h<br>Pausa Caf\u00e9<\/p>\n\n\n\n<p>11.00 h-11.20 h<br><strong>Communication orale<\/strong><br><strong>H\u00e9morragies Massives &amp; Ost\u00e9otomie Maxillaire<\/strong><em> <\/em><br><em>Matthias \/ Schlund<\/em><\/p>\n\n\n\n<p>11.20 h-11.40 h<em>&nbsp;<\/em><br><strong>Communication orale&nbsp;<\/strong><br><strong>Incidence, Risk Factors And Prevention Of Surgical Site Infections Following Orthognathic Surgery: A Retrospective Analysis Of 735 Surgery Performed In 5 Years At Nantes University Hospital<\/strong><em>&nbsp;<\/em><br><em>BAZIA Bazia Moussa<\/em><\/p>\n\n\n\n<p>11.40 h-12.00 h<em>&nbsp;<\/em><br><strong>Communication orale&nbsp;<\/strong><br><strong>Complications Des G\u00e9nioplasties : Lesquelles Et Comment Les \u00e9viter ?<\/strong><br><em>Olivier Esnault<\/em><\/p>\n\n\n\n<p>12.00 h-12.15 h<br><strong>SARPE : d\u00e9faut d\u2019osteog\u00e9n\u00e8se du refend median : causes, cons\u00e9quences et modalit\u00e9s th\u00e9rapeutiques<\/strong><br><em><em>Pape Diack Demba (interne), A. Damecourt, S.&nbsp;Galmiche, M. de Boutray (CHU Montpellier)<\/em><\/em> &nbsp;<\/p>\n\n\n\n<p>12.15 h-12.45 h<br><strong>Assembl\u00e9e G\u00e9n\u00e9rale de l\u2019AFCF<\/strong><\/p>\n","protected":false},"excerpt":{"rendered":"<p>JEUDI 8 MAI 10.00 h-14.15 hCranio Maxillo facialMalformations infantiles 10.00 h-10.45 hChirurgie cr\u00e2nio-faciale : complications en missions humanitairesPr. Frederic Lauwers (Tolosa) 10.45 h-11.30 hComplications en chirurgie cr\u00e2nio-faciale et infantileDr. Eloy Garcia et Dr. Josep Rubio 11.30 h-12.00 hPause caf\u00e9 &nbsp; 12.00 h-12.30 h&nbsp;Rhinoplastie secondaire des fissuresDr. Jacques Saboye (Tolosa)&nbsp; 12.30 h-12.45 hCommunication orale&nbsp;Traitement des fistules [&hellip;]<\/p>\n","protected":false},"author":1,"featured_media":0,"parent":0,"menu_order":0,"comment_status":"closed","ping_status":"closed","template":"","meta":{"footnotes":""},"class_list":["post-337","page","type-page","status-publish","hentry"],"_links":{"self":[{"href":"https:\/\/2025.afcface-SCBCMO.com\/index.php?rest_route=\/wp\/v2\/pages\/337","targetHints":{"allow":["GET"]}}],"collection":[{"href":"https:\/\/2025.afcface-SCBCMO.com\/index.php?rest_route=\/wp\/v2\/pages"}],"about":[{"href":"https:\/\/2025.afcface-SCBCMO.com\/index.php?rest_route=\/wp\/v2\/types\/page"}],"author":[{"embeddable":true,"href":"https:\/\/2025.afcface-SCBCMO.com\/index.php?rest_route=\/wp\/v2\/users\/1"}],"replies":[{"embeddable":true,"href":"https:\/\/2025.afcface-SCBCMO.com\/index.php?rest_route=%2Fwp%2Fv2%2Fcomments&post=337"}],"version-history":[{"count":22,"href":"https:\/\/2025.afcface-SCBCMO.com\/index.php?rest_route=\/wp\/v2\/pages\/337\/revisions"}],"predecessor-version":[{"id":1016,"href":"https:\/\/2025.afcface-SCBCMO.com\/index.php?rest_route=\/wp\/v2\/pages\/337\/revisions\/1016"}],"wp:attachment":[{"href":"https:\/\/2025.afcface-SCBCMO.com\/index.php?rest_route=%2Fwp%2Fv2%2Fmedia&parent=337"}],"curies":[{"name":"wp","href":"https:\/\/api.w.org\/{rel}","templated":true}]}}