{"id":492,"date":"2025-02-12T11:14:58","date_gmt":"2025-02-12T11:14:58","guid":{"rendered":"https:\/\/2025.afcface-SCBCMO.com\/?page_id=492"},"modified":"2025-02-12T11:18:33","modified_gmt":"2025-02-12T11:18:33","slug":"allotjament","status":"publish","type":"page","link":"https:\/\/2025.afcface-SCBCMO.com\/?page_id=492","title":{"rendered":"Allotjament"},"content":{"rendered":"\n<div class=\"wp-block-group is-nowrap is-layout-flex wp-container-core-group-is-layout-ad2f72ca wp-block-group-is-layout-flex\">\n<p><strong>DoubleTree by Hilton Girona<\/strong><br>Carrer Moss\u00e8n Joan Pons, 1<br>17001 Girona<br><a href=\"https:\/\/www.hilton.com\/en\/hotels\/grojpdi-doubletree-girona\/?SEO_id=GMB-EMEA-DI-GROJPDI\">https:\/\/www.hilton.com\/en\/hotels\/grojpdi-doubletree-girona\/?SEO_id=GMB-EMEA-DI-GROJPDI<\/a><\/p>\n<\/div>\n\n\n\n<figure class=\"wp-block-image size-full is-resized\"><img loading=\"lazy\" decoding=\"async\" width=\"897\" height=\"601\" src=\"https:\/\/2025.afcface-SCBCMO.com\/wp-content\/uploads\/2025\/02\/Captura-de-pantalla-2025-02-12-a-les-12.12.53-1.png\" alt=\"\" class=\"wp-image-500\" style=\"width:589px;height:auto\" srcset=\"https:\/\/2025.afcface-SCBCMO.com\/wp-content\/uploads\/2025\/02\/Captura-de-pantalla-2025-02-12-a-les-12.12.53-1.png 897w, https:\/\/2025.afcface-SCBCMO.com\/wp-content\/uploads\/2025\/02\/Captura-de-pantalla-2025-02-12-a-les-12.12.53-1-300x201.png 300w, https:\/\/2025.afcface-SCBCMO.com\/wp-content\/uploads\/2025\/02\/Captura-de-pantalla-2025-02-12-a-les-12.12.53-1-768x515.png 768w\" sizes=\"auto, (max-width: 897px) 100vw, 897px\" \/><\/figure>\n\n\n\n<div class=\"wp-block-group is-nowrap is-layout-flex wp-container-core-group-is-layout-ad2f72ca wp-block-group-is-layout-flex\">\n<p><br>Els assistents al Congr\u00e9s com\u00fa de la Societat Catalana i l&#8217;AFCF poden gaudir d\u2019un 12% de descompte en la seva estada.<\/p>\n<\/div>\n\n\n\n<ul class=\"wp-block-list\">\n<li>Codi de descompte: AFCFHILTON25<\/li>\n\n\n\n<li>Reserves a:&nbsp;<a href=\"mailto:info.dtgirona@urh-hoteliers.com\" target=\"_blank\" rel=\"noreferrer noopener\">info.dtgirona@urh-hoteliers.com<\/a><\/li>\n\n\n\n<li>Tel\u00e8fon: 972 41 46 00<\/li>\n<\/ul>\n\n\n\n<p><strong>Condicions:<\/strong><\/p>\n\n\n\n<ul class=\"wp-block-list\">\n<li>El descompte s\u2019aplica nom\u00e9s a reserves fetes directament per correu electr\u00f2nic o tel\u00e8fon.<\/li>\n\n\n\n<li>No acumulable a altres descomptes actius.<\/li>\n\n\n\n<li>V\u00e0lid sobre la tarifa oficial de l\u2019hotel.<\/li>\n<\/ul>\n\n\n\n<p><\/p>\n","protected":false},"excerpt":{"rendered":"<p>DoubleTree by Hilton GironaCarrer Moss\u00e8n Joan Pons, 117001 Gironahttps:\/\/www.hilton.com\/en\/hotels\/grojpdi-doubletree-girona\/?SEO_id=GMB-EMEA-DI-GROJPDI Els assistents al Congr\u00e9s com\u00fa de la Societat Catalana i l&#8217;AFCF poden gaudir d\u2019un 12% de descompte en la seva estada. Condicions:<\/p>\n","protected":false},"author":1,"featured_media":0,"parent":0,"menu_order":0,"comment_status":"closed","ping_status":"closed","template":"","meta":{"footnotes":""},"class_list":["post-492","page","type-page","status-publish","hentry"],"_links":{"self":[{"href":"https:\/\/2025.afcface-SCBCMO.com\/index.php?rest_route=\/wp\/v2\/pages\/492","targetHints":{"allow":["GET"]}}],"collection":[{"href":"https:\/\/2025.afcface-SCBCMO.com\/index.php?rest_route=\/wp\/v2\/pages"}],"about":[{"href":"https:\/\/2025.afcface-SCBCMO.com\/index.php?rest_route=\/wp\/v2\/types\/page"}],"author":[{"embeddable":true,"href":"https:\/\/2025.afcface-SCBCMO.com\/index.php?rest_route=\/wp\/v2\/users\/1"}],"replies":[{"embeddable":true,"href":"https:\/\/2025.afcface-SCBCMO.com\/index.php?rest_route=%2Fwp%2Fv2%2Fcomments&post=492"}],"version-history":[{"count":2,"href":"https:\/\/2025.afcface-SCBCMO.com\/index.php?rest_route=\/wp\/v2\/pages\/492\/revisions"}],"predecessor-version":[{"id":502,"href":"https:\/\/2025.afcface-SCBCMO.com\/index.php?rest_route=\/wp\/v2\/pages\/492\/revisions\/502"}],"wp:attachment":[{"href":"https:\/\/2025.afcface-SCBCMO.com\/index.php?rest_route=%2Fwp%2Fv2%2Fmedia&parent=492"}],"curies":[{"name":"wp","href":"https:\/\/api.w.org\/{rel}","templated":true}]}}