{"id":503,"date":"2025-02-12T11:23:28","date_gmt":"2025-02-12T11:23:28","guid":{"rendered":"https:\/\/2025.afcface-SCBCMO.com\/?page_id=503"},"modified":"2025-02-12T11:23:29","modified_gmt":"2025-02-12T11:23:29","slug":"hebergement","status":"publish","type":"page","link":"https:\/\/2025.afcface-SCBCMO.com\/?page_id=503&lang=fr","title":{"rendered":"H\u00e9bergement"},"content":{"rendered":"\n<p><strong>DoubleTree by Hilton Girona<\/strong><br>Carrer Moss\u00e8n Joan Pons, 1<br>17001 Girona<br><a href=\"https:\/\/www.hilton.com\/en\/hotels\/grojpdi-doubletree-girona\/?SEO_id=GMB-EMEA-DI-GROJPDI\">https:\/\/www.hilton.com\/en\/hotels\/grojpdi-doubletree-girona\/?SEO_id=GMB-EMEA-DI-GROJPDI<\/a><\/p>\n\n\n\n<figure class=\"wp-block-image size-full is-resized\"><img loading=\"lazy\" decoding=\"async\" width=\"897\" height=\"601\" src=\"https:\/\/2025.afcface-SCBCMO.com\/wp-content\/uploads\/2025\/02\/Captura-de-pantalla-2025-02-12-a-les-12.12.53-2.png\" alt=\"\" class=\"wp-image-504\" style=\"width:550px;height:auto\" srcset=\"https:\/\/2025.afcface-SCBCMO.com\/wp-content\/uploads\/2025\/02\/Captura-de-pantalla-2025-02-12-a-les-12.12.53-2.png 897w, https:\/\/2025.afcface-SCBCMO.com\/wp-content\/uploads\/2025\/02\/Captura-de-pantalla-2025-02-12-a-les-12.12.53-2-300x201.png 300w, https:\/\/2025.afcface-SCBCMO.com\/wp-content\/uploads\/2025\/02\/Captura-de-pantalla-2025-02-12-a-les-12.12.53-2-768x515.png 768w\" sizes=\"auto, (max-width: 897px) 100vw, 897px\" \/><\/figure>\n\n\n\n<p>Les participants au Congr\u00e8s commun de la Soci\u00e9t\u00e9 Catalane et de l&#8217;AFCF peuvent b\u00e9n\u00e9ficier d&#8217;une r\u00e9duction de 12 % sur leur s\u00e9jour.<\/p>\n\n\n\n<p><strong>Code de r\u00e9duction :<\/strong>&nbsp;AFCFHILTON25<br><strong>R\u00e9servations :<\/strong>&nbsp;<a>info.dtgirona@urh-hoteliers.com<\/a><br><strong>T\u00e9l\u00e9phone :<\/strong>&nbsp;+34 972 41 46 00<\/p>\n\n\n\n<p><strong>Conditions :<\/strong><\/p>\n\n\n\n<ul class=\"wp-block-list\">\n<li>La r\u00e9duction s&#8217;applique uniquement aux r\u00e9servations effectu\u00e9es directement par e-mail ou par t\u00e9l\u00e9phone.<\/li>\n\n\n\n<li>Non cumulable avec d&#8217;autres r\u00e9ductions en cours.<\/li>\n\n\n\n<li>Valable sur le tarif officiel de l&#8217;h\u00f4tel.<\/li>\n<\/ul>\n","protected":false},"excerpt":{"rendered":"<p>DoubleTree by Hilton GironaCarrer Moss\u00e8n Joan Pons, 117001 Gironahttps:\/\/www.hilton.com\/en\/hotels\/grojpdi-doubletree-girona\/?SEO_id=GMB-EMEA-DI-GROJPDI Les participants au Congr\u00e8s commun de la Soci\u00e9t\u00e9 Catalane et de l&#8217;AFCF peuvent b\u00e9n\u00e9ficier d&#8217;une r\u00e9duction de 12 % sur leur s\u00e9jour. Code de r\u00e9duction :&nbsp;AFCFHILTON25R\u00e9servations :&nbsp;info.dtgirona@urh-hoteliers.comT\u00e9l\u00e9phone :&nbsp;+34 972 41 46 00 Conditions :<\/p>\n","protected":false},"author":1,"featured_media":0,"parent":0,"menu_order":0,"comment_status":"closed","ping_status":"closed","template":"","meta":{"footnotes":""},"class_list":["post-503","page","type-page","status-publish","hentry"],"_links":{"self":[{"href":"https:\/\/2025.afcface-SCBCMO.com\/index.php?rest_route=\/wp\/v2\/pages\/503","targetHints":{"allow":["GET"]}}],"collection":[{"href":"https:\/\/2025.afcface-SCBCMO.com\/index.php?rest_route=\/wp\/v2\/pages"}],"about":[{"href":"https:\/\/2025.afcface-SCBCMO.com\/index.php?rest_route=\/wp\/v2\/types\/page"}],"author":[{"embeddable":true,"href":"https:\/\/2025.afcface-SCBCMO.com\/index.php?rest_route=\/wp\/v2\/users\/1"}],"replies":[{"embeddable":true,"href":"https:\/\/2025.afcface-SCBCMO.com\/index.php?rest_route=%2Fwp%2Fv2%2Fcomments&post=503"}],"version-history":[{"count":1,"href":"https:\/\/2025.afcface-SCBCMO.com\/index.php?rest_route=\/wp\/v2\/pages\/503\/revisions"}],"predecessor-version":[{"id":506,"href":"https:\/\/2025.afcface-SCBCMO.com\/index.php?rest_route=\/wp\/v2\/pages\/503\/revisions\/506"}],"wp:attachment":[{"href":"https:\/\/2025.afcface-SCBCMO.com\/index.php?rest_route=%2Fwp%2Fv2%2Fmedia&parent=503"}],"curies":[{"name":"wp","href":"https:\/\/api.w.org\/{rel}","templated":true}]}}