{"id":595,"date":"2025-03-05T09:55:23","date_gmt":"2025-03-05T09:55:23","guid":{"rendered":"https:\/\/2025.afcface-SCBCMO.com\/?page_id=595"},"modified":"2025-04-14T07:25:53","modified_gmt":"2025-04-14T07:25:53","slug":"visita-guiada-girona-temps-de-flors","status":"publish","type":"page","link":"https:\/\/2025.afcface-SCBCMO.com\/?page_id=595","title":{"rendered":"VISITA GUIADA \u2013 GIRONA TEMPS DE FLORS"},"content":{"rendered":"\n<p>Dissabte, 10 de maig<br>A les 16:00 h<br>Durada: 2 hores<br>Preu: 12 \u20ac<\/p>\n\n\n\n<p>Descobreix els secrets del casc antic de Girona en aquesta visita guiada. Un recorregut \u00fanic de dues hores amb guies especialitzats que et portaran pels llocs m\u00e9s encantadors de la ciutat.<\/p>\n\n\n\n<p>Reserva la teva pla\u00e7a i no et perdis aquesta immersi\u00f3 en la bellesa de Girona!<\/p>\n\n\n\n<p>Reserva aqu\u00ed&nbsp;<img decoding=\"async\" alt=\"&#x1f449;\" src=\"https:\/\/fonts.gstatic.com\/s\/e\/notoemoji\/16.0\/1f449\/72.png\">&nbsp;<a href=\"https:\/\/neo.emma.events\/CMCF2025\/Inscripcions-individuals\" target=\"_blank\" rel=\"noreferrer noopener\">https:\/\/neo.emma.events\/CMCF2025\/Inscripcions-individuals<\/a><\/p>\n","protected":false},"excerpt":{"rendered":"<p>Dissabte, 10 de maigA les 16:00 hDurada: 2 horesPreu: 12 \u20ac Descobreix els secrets del casc antic de Girona en aquesta visita guiada. Un recorregut \u00fanic de dues hores amb guies especialitzats que et portaran pels llocs m\u00e9s encantadors de la ciutat. Reserva la teva pla\u00e7a i no et perdis aquesta immersi\u00f3 en la bellesa [&hellip;]<\/p>\n","protected":false},"author":1,"featured_media":0,"parent":0,"menu_order":0,"comment_status":"closed","ping_status":"closed","template":"","meta":{"footnotes":""},"class_list":["post-595","page","type-page","status-publish","hentry"],"_links":{"self":[{"href":"https:\/\/2025.afcface-SCBCMO.com\/index.php?rest_route=\/wp\/v2\/pages\/595","targetHints":{"allow":["GET"]}}],"collection":[{"href":"https:\/\/2025.afcface-SCBCMO.com\/index.php?rest_route=\/wp\/v2\/pages"}],"about":[{"href":"https:\/\/2025.afcface-SCBCMO.com\/index.php?rest_route=\/wp\/v2\/types\/page"}],"author":[{"embeddable":true,"href":"https:\/\/2025.afcface-SCBCMO.com\/index.php?rest_route=\/wp\/v2\/users\/1"}],"replies":[{"embeddable":true,"href":"https:\/\/2025.afcface-SCBCMO.com\/index.php?rest_route=%2Fwp%2Fv2%2Fcomments&post=595"}],"version-history":[{"count":4,"href":"https:\/\/2025.afcface-SCBCMO.com\/index.php?rest_route=\/wp\/v2\/pages\/595\/revisions"}],"predecessor-version":[{"id":834,"href":"https:\/\/2025.afcface-SCBCMO.com\/index.php?rest_route=\/wp\/v2\/pages\/595\/revisions\/834"}],"wp:attachment":[{"href":"https:\/\/2025.afcface-SCBCMO.com\/index.php?rest_route=%2Fwp%2Fv2%2Fmedia&parent=595"}],"curies":[{"name":"wp","href":"https:\/\/api.w.org\/{rel}","templated":true}]}}