{"id":600,"date":"2025-03-05T09:59:20","date_gmt":"2025-03-05T09:59:20","guid":{"rendered":"https:\/\/2025.afcface-SCBCMO.com\/?page_id=600"},"modified":"2025-04-14T07:32:59","modified_gmt":"2025-04-14T07:32:59","slug":"visite-guidee-girona-temps-de-flors","status":"publish","type":"page","link":"https:\/\/2025.afcface-SCBCMO.com\/?page_id=600&lang=fr","title":{"rendered":"Visite Guid\u00e9e \u2013 Girona"},"content":{"rendered":"\n<p>Samedi, 10 mai<br>\u00c0 16h00<br>Dur\u00e9e : 2 heures<br>Prix : 12 \u20ac<\/p>\n\n\n\n<p>D\u00e9couvrez les secrets du centre historique de G\u00e9rone lors de cette visite guid\u00e9e. Un parcours unique de deux heures avec des guides sp\u00e9cialis\u00e9s qui vous emm\u00e8neront \u00e0 travers les lieux les plus charmants de la ville.<\/p>\n\n\n\n<p>R\u00e9servez d\u00e8s maintenant votre place et ne manquez pas cette immersion dans la beaut\u00e9 de G\u00e9rone!<\/p>\n\n\n\n<p>R\u00e9servez ici&nbsp;<img decoding=\"async\" alt=\"&#x1f449;\" src=\"https:\/\/fonts.gstatic.com\/s\/e\/notoemoji\/16.0\/1f449\/72.png\">&nbsp;<a href=\"https:\/\/neo.emma.events\/CMCF2025\/Inscripcions-individuals\" target=\"_blank\" rel=\"noreferrer noopener\">https:\/\/neo.emma.events\/CMCF2025\/Inscripcions-individuals<\/a><\/p>\n","protected":false},"excerpt":{"rendered":"<p>Samedi, 10 mai\u00c0 16h00Dur\u00e9e : 2 heuresPrix : 12 \u20ac D\u00e9couvrez les secrets du centre historique de G\u00e9rone lors de cette visite guid\u00e9e. Un parcours unique de deux heures avec des guides sp\u00e9cialis\u00e9s qui vous emm\u00e8neront \u00e0 travers les lieux les plus charmants de la ville. R\u00e9servez d\u00e8s maintenant votre place et ne manquez pas [&hellip;]<\/p>\n","protected":false},"author":1,"featured_media":0,"parent":0,"menu_order":0,"comment_status":"closed","ping_status":"closed","template":"","meta":{"footnotes":""},"class_list":["post-600","page","type-page","status-publish","hentry"],"_links":{"self":[{"href":"https:\/\/2025.afcface-SCBCMO.com\/index.php?rest_route=\/wp\/v2\/pages\/600","targetHints":{"allow":["GET"]}}],"collection":[{"href":"https:\/\/2025.afcface-SCBCMO.com\/index.php?rest_route=\/wp\/v2\/pages"}],"about":[{"href":"https:\/\/2025.afcface-SCBCMO.com\/index.php?rest_route=\/wp\/v2\/types\/page"}],"author":[{"embeddable":true,"href":"https:\/\/2025.afcface-SCBCMO.com\/index.php?rest_route=\/wp\/v2\/users\/1"}],"replies":[{"embeddable":true,"href":"https:\/\/2025.afcface-SCBCMO.com\/index.php?rest_route=%2Fwp%2Fv2%2Fcomments&post=600"}],"version-history":[{"count":3,"href":"https:\/\/2025.afcface-SCBCMO.com\/index.php?rest_route=\/wp\/v2\/pages\/600\/revisions"}],"predecessor-version":[{"id":854,"href":"https:\/\/2025.afcface-SCBCMO.com\/index.php?rest_route=\/wp\/v2\/pages\/600\/revisions\/854"}],"wp:attachment":[{"href":"https:\/\/2025.afcface-SCBCMO.com\/index.php?rest_route=%2Fwp%2Fv2%2Fmedia&parent=600"}],"curies":[{"name":"wp","href":"https:\/\/api.w.org\/{rel}","templated":true}]}}